{"id":1060,"date":"2022-02-05T14:52:57","date_gmt":"2022-02-05T14:52:57","guid":{"rendered":"https:\/\/domaineespillier.fr\/?page_id=1060"},"modified":"2022-04-01T19:20:58","modified_gmt":"2022-04-01T19:20:58","slug":"prestataire-proposes","status":"publish","type":"page","link":"https:\/\/domaineespillier.fr\/?page_id=1060","title":{"rendered":"Prestataires propos\u00e9s"},"content":{"rendered":"\n<div class=\"wp-block-cover alignfull is-light has-parallax\" style=\"background-image:url(http:\/\/domaineespillier.fr\/wp-content\/uploads\/2022\/02\/Partenaires_p.jpg);min-height:300px;aspect-ratio:unset;\"><span aria-hidden=\"true\" class=\"has-ast-global-color-1-background-color has-background-dim-20 wp-block-cover__gradient-background has-background-dim\"><\/span><div class=\"wp-block-cover__inner-container is-layout-flow wp-block-cover-is-layout-flow\">\n<h1 class=\"has-text-align-center has-white-color has-text-color wp-block-heading\" id=\"prestataires-proposes\">Prestataires propos\u00e9s<\/h1>\n<\/div><\/div>\n\n\n\n<div class=\"wp-block-group alignfull has-ast-global-color-5-background-color has-background is-layout-flow wp-block-group-is-layout-flow\"><div class=\"wp-block-group__inner-container\">\n<div class=\"wp-block-media-text alignwide has-media-on-the-right is-stacked-on-mobile\"><figure class=\"wp-block-media-text__media\"><img loading=\"lazy\" decoding=\"async\" width=\"1024\" height=\"682\" src=\"https:\/\/i0.wp.com\/domaineespillier.fr\/wp-content\/uploads\/2022\/01\/GRO8504\u00a9AudreyGros_export_2000px.jpg?resize=1024%2C682\" alt=\"\" class=\"wp-image-698 size-full\" srcset=\"https:\/\/i0.wp.com\/domaineespillier.fr\/wp-content\/uploads\/2022\/01\/GRO8504\u00a9AudreyGros_export_2000px.jpg?w=1024&amp;ssl=1 1024w, https:\/\/i0.wp.com\/domaineespillier.fr\/wp-content\/uploads\/2022\/01\/GRO8504\u00a9AudreyGros_export_2000px.jpg?resize=300%2C200&amp;ssl=1 300w, https:\/\/i0.wp.com\/domaineespillier.fr\/wp-content\/uploads\/2022\/01\/GRO8504\u00a9AudreyGros_export_2000px.jpg?resize=768%2C512&amp;ssl=1 768w\" sizes=\"auto, (max-width: 1000px) 100vw, 1000px\" data-recalc-dims=\"1\" \/><\/figure><div class=\"wp-block-media-text__content\">\n<h3 class=\"wp-block-heading\" id=\"decoratrice-fleuriste\">D\u00e9coratrice, fleuriste&#8230;<\/h3>\n\n\n\n<p>Votre d\u00e9co by C, 0616904144<\/p>\n\n\n\n<p>La P\u00e9pa, 0442349404<\/p>\n<\/div><\/div>\n<\/div><\/div>\n\n\n\n<div class=\"wp-block-group alignfull has-ast-global-color-5-background-color has-background is-layout-flow wp-block-group-is-layout-flow\"><div class=\"wp-block-group__inner-container\">\n<div class=\"wp-block-media-text alignwide is-stacked-on-mobile\"><figure class=\"wp-block-media-text__media\"><img loading=\"lazy\" decoding=\"async\" width=\"1024\" height=\"682\" src=\"https:\/\/i0.wp.com\/domaineespillier.fr\/wp-content\/uploads\/2022\/02\/image3.jpeg?resize=1024%2C682\" alt=\"\" class=\"wp-image-1022 size-full\" srcset=\"https:\/\/i0.wp.com\/domaineespillier.fr\/wp-content\/uploads\/2022\/02\/image3.jpeg?resize=1024%2C682&amp;ssl=1 1024w, https:\/\/i0.wp.com\/domaineespillier.fr\/wp-content\/uploads\/2022\/02\/image3.jpeg?resize=300%2C200&amp;ssl=1 300w, https:\/\/i0.wp.com\/domaineespillier.fr\/wp-content\/uploads\/2022\/02\/image3.jpeg?resize=768%2C512&amp;ssl=1 768w, https:\/\/i0.wp.com\/domaineespillier.fr\/wp-content\/uploads\/2022\/02\/image3.jpeg?w=1280&amp;ssl=1 1280w\" sizes=\"auto, (max-width: 1000px) 100vw, 1000px\" data-recalc-dims=\"1\" \/><\/figure><div class=\"wp-block-media-text__content\">\n<h3 class=\"wp-block-heading\" id=\"photographe-videaste\">Photographe, vid\u00e9aste&#8230;<\/h3>\n\n\n\n<p>Hichem, <\/p>\n\n\n\n<p><\/p>\n<\/div><\/div>\n<\/div><\/div>\n\n\n\n<div class=\"wp-block-group alignfull has-ast-global-color-5-background-color has-background is-layout-flow wp-block-group-is-layout-flow\"><div class=\"wp-block-group__inner-container\">\n<div class=\"wp-block-media-text alignwide has-media-on-the-right is-stacked-on-mobile\"><figure class=\"wp-block-media-text__media\"><img loading=\"lazy\" decoding=\"async\" width=\"1024\" height=\"640\" src=\"https:\/\/i0.wp.com\/domaineespillier.fr\/wp-content\/uploads\/2022\/01\/photobooth.jpg?resize=1024%2C640\" alt=\"\" class=\"wp-image-963 size-full\" srcset=\"https:\/\/i0.wp.com\/domaineespillier.fr\/wp-content\/uploads\/2022\/01\/photobooth.jpg?resize=1024%2C640&amp;ssl=1 1024w, https:\/\/i0.wp.com\/domaineespillier.fr\/wp-content\/uploads\/2022\/01\/photobooth.jpg?resize=300%2C188&amp;ssl=1 300w, https:\/\/i0.wp.com\/domaineespillier.fr\/wp-content\/uploads\/2022\/01\/photobooth.jpg?resize=768%2C480&amp;ssl=1 768w, https:\/\/i0.wp.com\/domaineespillier.fr\/wp-content\/uploads\/2022\/01\/photobooth.jpg?w=1280&amp;ssl=1 1280w\" sizes=\"auto, (max-width: 1000px) 100vw, 1000px\" data-recalc-dims=\"1\" \/><\/figure><div class=\"wp-block-media-text__content\">\n<h3 class=\"wp-block-heading\" id=\"location-de-photo-booth-animation-enfants\">Location de Photo Booth, animation enfants&#8230;<\/h3>\n\n\n\n<p>Photobooth julien Hory, 0620275067<\/p>\n\n\n\n<p>Animation enfants So Evenement, Soraya martigues 0659030296<\/p>\n<\/div><\/div>\n<\/div><\/div>\n\n\n\n<div class=\"wp-block-group alignfull has-ast-global-color-4-background-color has-background is-layout-flow wp-block-group-is-layout-flow\"><div class=\"wp-block-group__inner-container\">\n<div class=\"wp-block-columns is-layout-flex wp-container-core-columns-is-layout-9d6595d7 wp-block-columns-is-layout-flex\">\n<div class=\"wp-block-column is-layout-flow wp-block-column-is-layout-flow\"><\/div>\n\n\n\n<div class=\"wp-block-column is-layout-flow wp-block-column-is-layout-flow\"><\/div>\n<\/div>\n<\/div><\/div>\n","protected":false},"excerpt":{"rendered":"<p>D\u00e9coratrice, fleuriste&#8230; Votre d\u00e9co by C, 0616904144 La P\u00e9pa, 0442349404 Photographe, vid\u00e9aste&#8230; Hichem, Location de Photo Booth, animation enfants&#8230; Photobooth julien Hory, 0620275067 Animation enfants So Evenement, Soraya martigues 0659030296<\/p>\n","protected":false},"author":1,"featured_media":0,"parent":0,"menu_order":0,"comment_status":"closed","ping_status":"closed","template":"","meta":{"site-sidebar-layout":"default","site-content-layout":"default","ast-main-header-display":"","ast-hfb-above-header-display":"","ast-hfb-below-header-display":"","ast-hfb-mobile-header-display":"","site-post-title":"disabled","ast-breadcrumbs-content":"disabled","ast-featured-img":"","footer-sml-layout":"","theme-transparent-header-meta":"","adv-header-id-meta":"","stick-header-meta":"","header-above-stick-meta":"","header-main-stick-meta":"","header-below-stick-meta":"","spay_email":"","footnotes":""},"class_list":["post-1060","page","type-page","status-publish","hentry"],"_links":{"self":[{"href":"https:\/\/domaineespillier.fr\/index.php?rest_route=\/wp\/v2\/pages\/1060","targetHints":{"allow":["GET"]}}],"collection":[{"href":"https:\/\/domaineespillier.fr\/index.php?rest_route=\/wp\/v2\/pages"}],"about":[{"href":"https:\/\/domaineespillier.fr\/index.php?rest_route=\/wp\/v2\/types\/page"}],"author":[{"embeddable":true,"href":"https:\/\/domaineespillier.fr\/index.php?rest_route=\/wp\/v2\/users\/1"}],"replies":[{"embeddable":true,"href":"https:\/\/domaineespillier.fr\/index.php?rest_route=%2Fwp%2Fv2%2Fcomments&post=1060"}],"version-history":[{"count":12,"href":"https:\/\/domaineespillier.fr\/index.php?rest_route=\/wp\/v2\/pages\/1060\/revisions"}],"predecessor-version":[{"id":1955,"href":"https:\/\/domaineespillier.fr\/index.php?rest_route=\/wp\/v2\/pages\/1060\/revisions\/1955"}],"wp:attachment":[{"href":"https:\/\/domaineespillier.fr\/index.php?rest_route=%2Fwp%2Fv2%2Fmedia&parent=1060"}],"curies":[{"name":"wp","href":"https:\/\/api.w.org\/{rel}","templated":true}]}}