{"id":1426,"date":"2022-02-12T20:42:59","date_gmt":"2022-02-12T20:42:59","guid":{"rendered":"https:\/\/domaineespillier.fr\/?page_id=1426"},"modified":"2022-04-19T15:27:33","modified_gmt":"2022-04-19T15:27:33","slug":"autres-evenements-festifs","status":"publish","type":"page","link":"https:\/\/domaineespillier.fr\/?page_id=1426","title":{"rendered":"Autres \u00e9v\u00e9nements festifs"},"content":{"rendered":"\n<div class=\"wp-block-cover alignfull is-light has-parallax\" style=\"background-image:url(http:\/\/domaineespillier.fr\/wp-content\/uploads\/2022\/02\/DSC9188.jpg);min-height:300px;aspect-ratio:unset;\"><span aria-hidden=\"true\" class=\"has-ast-global-color-1-background-color has-background-dim-10 wp-block-cover__gradient-background has-background-dim\"><\/span><div class=\"wp-block-cover__inner-container is-layout-flow wp-block-cover-is-layout-flow\">\n<h1 class=\"has-text-align-center has-white-color has-text-color wp-block-heading\" id=\"autres-evenements-festifs\">Autres \u00e9v\u00e8nements festifs\u200b<\/h1>\n<\/div><\/div>\n\n\n\n<div class=\"wp-block-group alignfull has-ast-global-color-5-background-color has-background is-layout-constrained wp-block-group-is-layout-constrained\"><div class=\"wp-block-group__inner-container\">\n<div class=\"wp-block-columns is-layout-flex wp-container-core-columns-is-layout-9d6595d7 wp-block-columns-is-layout-flex\">\n<div class=\"wp-block-column is-layout-flow wp-block-column-is-layout-flow\">\n<h3 class=\"wp-block-heading\" id=\"established-in-1995\">Il y a tellement d&rsquo;occasions de se r\u00e9unir&#8230;.\u200b<\/h3>\n\n\n\n<figure class=\"wp-block-gallery has-nested-images columns-default is-cropped wp-block-gallery-1 is-layout-flex wp-block-gallery-is-layout-flex\">\n<figure class=\"wp-block-image size-large\"><img loading=\"lazy\" decoding=\"async\" width=\"275\" height=\"183\" data-id=\"1849\" src=\"https:\/\/i0.wp.com\/domaineespillier.fr\/wp-content\/uploads\/2022\/03\/Unknown-5.jpeg?resize=275%2C183\" alt=\"\" class=\"wp-image-1849\" data-recalc-dims=\"1\"\/><\/figure>\n\n\n\n<figure class=\"wp-block-image size-full\"><img loading=\"lazy\" decoding=\"async\" width=\"249\" height=\"202\" data-id=\"1854\" src=\"https:\/\/i0.wp.com\/domaineespillier.fr\/wp-content\/uploads\/2022\/03\/images-1-1.jpeg?resize=249%2C202\" alt=\"\" class=\"wp-image-1854\" data-recalc-dims=\"1\"\/><\/figure>\n\n\n\n<figure class=\"wp-block-image size-full\"><img loading=\"lazy\" decoding=\"async\" width=\"275\" height=\"183\" data-id=\"1821\" src=\"https:\/\/i0.wp.com\/domaineespillier.fr\/wp-content\/uploads\/2022\/03\/Unknown-4.jpeg?resize=275%2C183\" alt=\"\" class=\"wp-image-1821\" data-recalc-dims=\"1\"\/><\/figure>\n\n\n\n<figure class=\"wp-block-image size-full\"><img loading=\"lazy\" decoding=\"async\" width=\"312\" height=\"162\" data-id=\"1856\" src=\"https:\/\/i0.wp.com\/domaineespillier.fr\/wp-content\/uploads\/2022\/03\/images-4.jpeg?resize=312%2C162\" alt=\"\" class=\"wp-image-1856\" srcset=\"https:\/\/i0.wp.com\/domaineespillier.fr\/wp-content\/uploads\/2022\/03\/images-4.jpeg?w=312&amp;ssl=1 312w, https:\/\/i0.wp.com\/domaineespillier.fr\/wp-content\/uploads\/2022\/03\/images-4.jpeg?resize=300%2C156&amp;ssl=1 300w\" sizes=\"auto, (max-width: 312px) 100vw, 312px\" data-recalc-dims=\"1\" \/><\/figure>\n\n\n\n<figure class=\"wp-block-image size-large\"><img loading=\"lazy\" decoding=\"async\" width=\"300\" height=\"168\" data-id=\"1817\" src=\"https:\/\/i0.wp.com\/domaineespillier.fr\/wp-content\/uploads\/2022\/03\/images-1.jpeg?resize=300%2C168\" alt=\"\" class=\"wp-image-1817\" data-recalc-dims=\"1\"\/><\/figure>\n\n\n\n<figure class=\"wp-block-image size-large\"><img loading=\"lazy\" decoding=\"async\" width=\"1920\" height=\"2560\" data-id=\"1872\" src=\"https:\/\/i0.wp.com\/domaineespillier.fr\/wp-content\/uploads\/2022\/03\/IMG_8593-scaled.jpg?resize=1920%2C2560\" alt=\"\" class=\"wp-image-1872\" srcset=\"https:\/\/i0.wp.com\/domaineespillier.fr\/wp-content\/uploads\/2022\/03\/IMG_8593-scaled.jpg?w=1920&amp;ssl=1 1920w, https:\/\/i0.wp.com\/domaineespillier.fr\/wp-content\/uploads\/2022\/03\/IMG_8593-scaled.jpg?resize=225%2C300&amp;ssl=1 225w, https:\/\/i0.wp.com\/domaineespillier.fr\/wp-content\/uploads\/2022\/03\/IMG_8593-scaled.jpg?resize=768%2C1024&amp;ssl=1 768w, https:\/\/i0.wp.com\/domaineespillier.fr\/wp-content\/uploads\/2022\/03\/IMG_8593-scaled.jpg?resize=1152%2C1536&amp;ssl=1 1152w, https:\/\/i0.wp.com\/domaineespillier.fr\/wp-content\/uploads\/2022\/03\/IMG_8593-scaled.jpg?resize=1536%2C2048&amp;ssl=1 1536w\" sizes=\"auto, (max-width: 1000px) 100vw, 1000px\" data-recalc-dims=\"1\" \/><\/figure>\n\n\n\n<figure class=\"wp-block-image size-large\"><img loading=\"lazy\" decoding=\"async\" width=\"2560\" height=\"1920\" data-id=\"1869\" src=\"https:\/\/i0.wp.com\/domaineespillier.fr\/wp-content\/uploads\/2022\/03\/IMG_7747-scaled.jpg?resize=2560%2C1920\" alt=\"\" class=\"wp-image-1869\" srcset=\"https:\/\/i0.wp.com\/domaineespillier.fr\/wp-content\/uploads\/2022\/03\/IMG_7747-scaled.jpg?w=2560&amp;ssl=1 2560w, https:\/\/i0.wp.com\/domaineespillier.fr\/wp-content\/uploads\/2022\/03\/IMG_7747-scaled.jpg?resize=300%2C225&amp;ssl=1 300w, https:\/\/i0.wp.com\/domaineespillier.fr\/wp-content\/uploads\/2022\/03\/IMG_7747-scaled.jpg?resize=1024%2C768&amp;ssl=1 1024w, https:\/\/i0.wp.com\/domaineespillier.fr\/wp-content\/uploads\/2022\/03\/IMG_7747-scaled.jpg?resize=768%2C576&amp;ssl=1 768w, https:\/\/i0.wp.com\/domaineespillier.fr\/wp-content\/uploads\/2022\/03\/IMG_7747-scaled.jpg?resize=1536%2C1152&amp;ssl=1 1536w, https:\/\/i0.wp.com\/domaineespillier.fr\/wp-content\/uploads\/2022\/03\/IMG_7747-scaled.jpg?resize=2048%2C1536&amp;ssl=1 2048w\" sizes=\"auto, (max-width: 1000px) 100vw, 1000px\" data-recalc-dims=\"1\" \/><\/figure>\n<\/figure>\n<\/div>\n\n\n\n<div class=\"wp-block-column is-layout-flow wp-block-column-is-layout-flow\">\n<p>Pour les petits ou les grands \u00e9v\u00e8nements, une f\u00eate de famille, un d\u00e9part \u00e0 la retraite, un vin d&rsquo;honneur&#8230; Pour c\u00e9l\u00e9brer un \u00e9v\u00e8nement marquant ou se r\u00e9unir en toute simplicit\u00e9 pour partager des moments pr\u00e9cieux&#8230;<\/p>\n\n\n\n<p>Le domaine de l&rsquo;Espiller est le lieu id\u00e9al pour organiser votre \u00e9v\u00e8nement en int\u00e9rieur ou en ext\u00e9rieur dans une ambiance champ\u00eatre et chaleureuse.<\/p>\n<\/div>\n<\/div>\n<\/div><\/div>\n\n\n\n<div class=\"wp-block-group alignfull has-ast-global-color-4-background-color has-background is-layout-constrained wp-block-group-is-layout-constrained\"><div class=\"wp-block-group__inner-container\">\n<div class=\"wp-block-columns is-layout-flex wp-container-core-columns-is-layout-9d6595d7 wp-block-columns-is-layout-flex\">\n<div class=\"wp-block-column is-layout-flow wp-block-column-is-layout-flow\">\n<h4 class=\"wp-block-heading\" id=\"mission\"><strong>Services<\/strong><\/h4>\n\n\n\n<p>Le domaine vous propose des solutions cl\u00e9 en main ou vous laisse le libre choix pour l&rsquo;organisation de votre \u00e9v\u00e8nement.<\/p>\n<\/div>\n\n\n\n<div class=\"wp-block-column is-layout-flow wp-block-column-is-layout-flow\">\n<h4 class=\"wp-block-heading\" id=\"vision\"><strong>Tarifs &amp; Horaires<\/strong><\/h4>\n\n\n\n<p>Les lieux sont mis \u00e0 disposition de 8h \u00e0 20h.<\/p>\n\n\n\n<p>Pour les tarifs, contactez-nous: devis personalis\u00e9s selon le nombre d&rsquo;invit\u00e9s, la p\u00e9riode de r\u00e9servation et l&rsquo;espace choisi.<\/p>\n<\/div>\n\n\n\n<div class=\"wp-block-column is-layout-flow wp-block-column-is-layout-flow\">\n<h4 class=\"wp-block-heading\" id=\"values\"><strong>Prestataires<\/strong><\/h4>\n\n\n\n<p>Libre choix des prestataires.<\/p>\n\n\n\n<p>Vous pouvez \u00e9galement choisir de r\u00e9server la broche de l&rsquo;Espillier.<\/p>\n<\/div>\n<\/div>\n<\/div><\/div>\n\n\n\n<h2 class=\"wp-block-heading\"><\/h2>\n","protected":false},"excerpt":{"rendered":"<p>Il y a tellement d&rsquo;occasions de se r\u00e9unir&#8230;.\u200b Pour les petits ou les grands \u00e9v\u00e8nements, une f\u00eate de famille, un d\u00e9part \u00e0 la retraite, un vin d&rsquo;honneur&#8230; Pour c\u00e9l\u00e9brer un \u00e9v\u00e8nement marquant ou se r\u00e9unir en toute simplicit\u00e9 pour partager des moments pr\u00e9cieux&#8230; Le domaine de l&rsquo;Espiller est le lieu id\u00e9al pour organiser votre \u00e9v\u00e8nement &hellip;<\/p>\n<p class=\"read-more\"> <a class=\"\" href=\"https:\/\/domaineespillier.fr\/?page_id=1426\"> <span class=\"screen-reader-text\">Autres \u00e9v\u00e9nements festifs<\/span> Lire la suite\u00a0\u00bb<\/a><\/p>\n","protected":false},"author":1,"featured_media":0,"parent":0,"menu_order":0,"comment_status":"closed","ping_status":"closed","template":"","meta":{"site-sidebar-layout":"default","site-content-layout":"default","ast-main-header-display":"","ast-hfb-above-header-display":"","ast-hfb-below-header-display":"","ast-hfb-mobile-header-display":"","site-post-title":"disabled","ast-breadcrumbs-content":"disabled","ast-featured-img":"","footer-sml-layout":"","theme-transparent-header-meta":"","adv-header-id-meta":"","stick-header-meta":"","header-above-stick-meta":"","header-main-stick-meta":"","header-below-stick-meta":"","spay_email":"","footnotes":""},"class_list":["post-1426","page","type-page","status-publish","hentry"],"_links":{"self":[{"href":"https:\/\/domaineespillier.fr\/index.php?rest_route=\/wp\/v2\/pages\/1426","targetHints":{"allow":["GET"]}}],"collection":[{"href":"https:\/\/domaineespillier.fr\/index.php?rest_route=\/wp\/v2\/pages"}],"about":[{"href":"https:\/\/domaineespillier.fr\/index.php?rest_route=\/wp\/v2\/types\/page"}],"author":[{"embeddable":true,"href":"https:\/\/domaineespillier.fr\/index.php?rest_route=\/wp\/v2\/users\/1"}],"replies":[{"embeddable":true,"href":"https:\/\/domaineespillier.fr\/index.php?rest_route=%2Fwp%2Fv2%2Fcomments&post=1426"}],"version-history":[{"count":23,"href":"https:\/\/domaineespillier.fr\/index.php?rest_route=\/wp\/v2\/pages\/1426\/revisions"}],"predecessor-version":[{"id":1980,"href":"https:\/\/domaineespillier.fr\/index.php?rest_route=\/wp\/v2\/pages\/1426\/revisions\/1980"}],"wp:attachment":[{"href":"https:\/\/domaineespillier.fr\/index.php?rest_route=%2Fwp%2Fv2%2Fmedia&parent=1426"}],"curies":[{"name":"wp","href":"https:\/\/api.w.org\/{rel}","templated":true}]}}