{"id":855,"date":"2022-01-28T18:04:55","date_gmt":"2022-01-28T18:04:55","guid":{"rendered":"https:\/\/domaineespillier.fr\/?page_id=855"},"modified":"2022-04-19T15:08:40","modified_gmt":"2022-04-19T15:08:40","slug":"855-2","status":"publish","type":"page","link":"https:\/\/domaineespillier.fr\/?page_id=855","title":{"rendered":"Les lieux"},"content":{"rendered":"\n<div class=\"wp-block-cover alignfull is-light has-parallax\" style=\"background-image:url(http:\/\/domaineespillier.fr\/wp-content\/uploads\/2022\/02\/IMG_7314.jpg);min-height:300px;aspect-ratio:unset;\"><span aria-hidden=\"true\" class=\"has-ast-global-color-1-background-color has-background-dim-10 wp-block-cover__gradient-background has-background-dim\"><\/span><div class=\"wp-block-cover__inner-container is-layout-flow wp-block-cover-is-layout-flow\">\n<h1 class=\"has-text-align-center has-white-color has-text-color wp-block-heading\" id=\"les-lieux\">Les lieux<\/h1>\n<\/div><\/div>\n\n\n\n<div class=\"wp-block-group alignfull has-ast-global-color-5-background-color has-background is-layout-flow wp-block-group-is-layout-flow\"><div class=\"wp-block-group__inner-container\">\n<div class=\"wp-block-columns alignwide are-vertically-aligned-center is-layout-flex wp-container-core-columns-is-layout-9d6595d7 wp-block-columns-is-layout-flex\">\n<div class=\"wp-block-column is-layout-flow wp-block-column-is-layout-flow\" style=\"flex-basis:68%\">\n<h3 class=\"wp-block-heading\" id=\"la-salle-de-reception-et-ses-jardins\">La salle de r\u00e9ception et ses jardins<\/h3>\n\n\n\n<p>D&rsquo;une \u00e9l\u00e9gance simple et intemporelle, la salle de r\u00e9ception et les jardins du domaine de l&rsquo;Espillier vous offrent un cadre id\u00e9al  adaptable \u00e0 toutes les ambiances, de la plus \u00e9pur\u00e9e \u00e0 la plus raffin\u00e9e.<\/p>\n\n\n\n<div class=\"wp-block-buttons is-layout-flex wp-block-buttons-is-layout-flex\">\n<div class=\"wp-block-button is-style-fill\"><a class=\"wp-block-button__link\" href=\"https:\/\/domaineespillier.fr\/?page_id=861\" rel=\"#\">En savoir plus<\/a><\/div>\n<\/div>\n<\/div>\n\n\n\n<div class=\"wp-block-column is-layout-flow wp-block-column-is-layout-flow\" style=\"flex-basis:32%\">\n<figure class=\"wp-block-gallery has-nested-images columns-default is-cropped wp-block-gallery-1 is-layout-flex wp-block-gallery-is-layout-flex\">\n<figure class=\"wp-block-image size-large\"><img loading=\"lazy\" decoding=\"async\" width=\"2560\" height=\"1702\" data-id=\"1887\" src=\"https:\/\/i0.wp.com\/domaineespillier.fr\/wp-content\/uploads\/2022\/04\/DSC_0238-scaled.jpg?resize=2560%2C1702\" alt=\"\" class=\"wp-image-1887\" srcset=\"https:\/\/i0.wp.com\/domaineespillier.fr\/wp-content\/uploads\/2022\/04\/DSC_0238-scaled.jpg?w=2560&amp;ssl=1 2560w, https:\/\/i0.wp.com\/domaineespillier.fr\/wp-content\/uploads\/2022\/04\/DSC_0238-scaled.jpg?resize=300%2C199&amp;ssl=1 300w, https:\/\/i0.wp.com\/domaineespillier.fr\/wp-content\/uploads\/2022\/04\/DSC_0238-scaled.jpg?resize=1024%2C681&amp;ssl=1 1024w, https:\/\/i0.wp.com\/domaineespillier.fr\/wp-content\/uploads\/2022\/04\/DSC_0238-scaled.jpg?resize=768%2C511&amp;ssl=1 768w, https:\/\/i0.wp.com\/domaineespillier.fr\/wp-content\/uploads\/2022\/04\/DSC_0238-scaled.jpg?resize=1536%2C1021&amp;ssl=1 1536w, https:\/\/i0.wp.com\/domaineespillier.fr\/wp-content\/uploads\/2022\/04\/DSC_0238-scaled.jpg?resize=2048%2C1362&amp;ssl=1 2048w\" sizes=\"auto, (max-width: 1000px) 100vw, 1000px\" data-recalc-dims=\"1\" \/><\/figure>\n\n\n\n<figure class=\"wp-block-image size-large\"><img decoding=\"async\" data-id=\"1019\" src=\"https:\/\/i0.wp.com\/domaineespillier.fr\/wp-content\/uploads\/2022\/02\/KGS_7201.jpg\" alt=\"\" class=\"wp-image-1019\" data-recalc-dims=\"1\"\/><\/figure>\n\n\n\n<figure class=\"wp-block-image size-large\"><img loading=\"lazy\" decoding=\"async\" width=\"1920\" height=\"1280\" data-id=\"680\" src=\"https:\/\/i0.wp.com\/domaineespillier.fr\/wp-content\/uploads\/2022\/01\/GRO8421\u00a9AudreyGros_export_2000px.jpg?resize=1920%2C1280\" alt=\"\" class=\"wp-image-680\" srcset=\"https:\/\/i0.wp.com\/domaineespillier.fr\/wp-content\/uploads\/2022\/01\/GRO8421\u00a9AudreyGros_export_2000px.jpg?w=1920&amp;ssl=1 1920w, https:\/\/i0.wp.com\/domaineespillier.fr\/wp-content\/uploads\/2022\/01\/GRO8421\u00a9AudreyGros_export_2000px.jpg?resize=300%2C200&amp;ssl=1 300w, https:\/\/i0.wp.com\/domaineespillier.fr\/wp-content\/uploads\/2022\/01\/GRO8421\u00a9AudreyGros_export_2000px.jpg?resize=1024%2C683&amp;ssl=1 1024w, https:\/\/i0.wp.com\/domaineespillier.fr\/wp-content\/uploads\/2022\/01\/GRO8421\u00a9AudreyGros_export_2000px.jpg?resize=768%2C512&amp;ssl=1 768w, https:\/\/i0.wp.com\/domaineespillier.fr\/wp-content\/uploads\/2022\/01\/GRO8421\u00a9AudreyGros_export_2000px.jpg?resize=1536%2C1024&amp;ssl=1 1536w\" sizes=\"auto, (max-width: 1000px) 100vw, 1000px\" data-recalc-dims=\"1\" \/><\/figure>\n\n\n\n<figure class=\"wp-block-image size-large\"><img loading=\"lazy\" decoding=\"async\" width=\"1024\" height=\"682\" data-id=\"697\" src=\"https:\/\/i0.wp.com\/domaineespillier.fr\/wp-content\/uploads\/2022\/01\/GRO8496\u00a9AudreyGros_export_2000px.jpg?resize=1024%2C682\" alt=\"\" class=\"wp-image-697\" srcset=\"https:\/\/i0.wp.com\/domaineespillier.fr\/wp-content\/uploads\/2022\/01\/GRO8496\u00a9AudreyGros_export_2000px.jpg?w=1024&amp;ssl=1 1024w, https:\/\/i0.wp.com\/domaineespillier.fr\/wp-content\/uploads\/2022\/01\/GRO8496\u00a9AudreyGros_export_2000px.jpg?resize=300%2C200&amp;ssl=1 300w, https:\/\/i0.wp.com\/domaineespillier.fr\/wp-content\/uploads\/2022\/01\/GRO8496\u00a9AudreyGros_export_2000px.jpg?resize=768%2C512&amp;ssl=1 768w\" sizes=\"auto, (max-width: 1000px) 100vw, 1000px\" data-recalc-dims=\"1\" \/><\/figure>\n\n\n\n<figure class=\"wp-block-image size-large\"><img loading=\"lazy\" decoding=\"async\" width=\"768\" height=\"1024\" data-id=\"967\" src=\"https:\/\/i0.wp.com\/domaineespillier.fr\/wp-content\/uploads\/2022\/01\/IMG_8197-rotated.jpg?resize=768%2C1024\" alt=\"\" class=\"wp-image-967\" srcset=\"https:\/\/i0.wp.com\/domaineespillier.fr\/wp-content\/uploads\/2022\/01\/IMG_8197-rotated.jpg?w=768&amp;ssl=1 768w, https:\/\/i0.wp.com\/domaineespillier.fr\/wp-content\/uploads\/2022\/01\/IMG_8197-rotated.jpg?resize=225%2C300&amp;ssl=1 225w\" sizes=\"auto, (max-width: 768px) 100vw, 768px\" data-recalc-dims=\"1\" \/><\/figure>\n<\/figure>\n<\/div>\n<\/div>\n<\/div><\/div>\n\n\n\n<div class=\"wp-block-group alignfull has-ast-global-color-5-background-color has-background is-layout-flow wp-block-group-is-layout-flow\"><div class=\"wp-block-group__inner-container\">\n<div class=\"wp-block-columns alignwide are-vertically-aligned-center is-layout-flex wp-container-core-columns-is-layout-9d6595d7 wp-block-columns-is-layout-flex\">\n<div class=\"wp-block-column is-layout-flow wp-block-column-is-layout-flow\" style=\"flex-basis:32%\">\n<figure class=\"wp-block-gallery has-nested-images columns-default is-cropped wp-block-gallery-2 is-layout-flex wp-block-gallery-is-layout-flex\">\n<figure class=\"wp-block-image size-large\"><img loading=\"lazy\" decoding=\"async\" width=\"320\" height=\"240\" data-id=\"1898\" src=\"https:\/\/i0.wp.com\/domaineespillier.fr\/wp-content\/uploads\/2022\/04\/IMG_4375.jpeg?resize=320%2C240\" alt=\"\" class=\"wp-image-1898\" srcset=\"https:\/\/i0.wp.com\/domaineespillier.fr\/wp-content\/uploads\/2022\/04\/IMG_4375.jpeg?w=320&amp;ssl=1 320w, https:\/\/i0.wp.com\/domaineespillier.fr\/wp-content\/uploads\/2022\/04\/IMG_4375.jpeg?resize=300%2C225&amp;ssl=1 300w\" sizes=\"auto, (max-width: 320px) 100vw, 320px\" data-recalc-dims=\"1\" \/><\/figure>\n\n\n\n<figure class=\"wp-block-image size-large\"><img loading=\"lazy\" decoding=\"async\" width=\"2560\" height=\"1920\" data-id=\"1904\" src=\"https:\/\/i0.wp.com\/domaineespillier.fr\/wp-content\/uploads\/2022\/04\/IMG_6150-2-scaled.jpg?resize=2560%2C1920\" alt=\"\" class=\"wp-image-1904\" srcset=\"https:\/\/i0.wp.com\/domaineespillier.fr\/wp-content\/uploads\/2022\/04\/IMG_6150-2-scaled.jpg?w=2560&amp;ssl=1 2560w, https:\/\/i0.wp.com\/domaineespillier.fr\/wp-content\/uploads\/2022\/04\/IMG_6150-2-scaled.jpg?resize=300%2C225&amp;ssl=1 300w, https:\/\/i0.wp.com\/domaineespillier.fr\/wp-content\/uploads\/2022\/04\/IMG_6150-2-scaled.jpg?resize=1024%2C768&amp;ssl=1 1024w, https:\/\/i0.wp.com\/domaineespillier.fr\/wp-content\/uploads\/2022\/04\/IMG_6150-2-scaled.jpg?resize=768%2C576&amp;ssl=1 768w, https:\/\/i0.wp.com\/domaineespillier.fr\/wp-content\/uploads\/2022\/04\/IMG_6150-2-scaled.jpg?resize=1536%2C1152&amp;ssl=1 1536w, https:\/\/i0.wp.com\/domaineespillier.fr\/wp-content\/uploads\/2022\/04\/IMG_6150-2-scaled.jpg?resize=2048%2C1536&amp;ssl=1 2048w\" sizes=\"auto, (max-width: 1000px) 100vw, 1000px\" data-recalc-dims=\"1\" \/><\/figure>\n\n\n\n<figure class=\"wp-block-image size-large\"><img loading=\"lazy\" decoding=\"async\" width=\"1280\" height=\"854\" data-id=\"1157\" src=\"https:\/\/i0.wp.com\/domaineespillier.fr\/wp-content\/uploads\/2022\/02\/GRO8615\u00a9AudreyGros_export_2000px.jpg?resize=1280%2C854\" alt=\"\" class=\"wp-image-1157\" srcset=\"https:\/\/i0.wp.com\/domaineespillier.fr\/wp-content\/uploads\/2022\/02\/GRO8615\u00a9AudreyGros_export_2000px.jpg?w=1280&amp;ssl=1 1280w, https:\/\/i0.wp.com\/domaineespillier.fr\/wp-content\/uploads\/2022\/02\/GRO8615\u00a9AudreyGros_export_2000px.jpg?resize=300%2C200&amp;ssl=1 300w, https:\/\/i0.wp.com\/domaineespillier.fr\/wp-content\/uploads\/2022\/02\/GRO8615\u00a9AudreyGros_export_2000px.jpg?resize=1024%2C683&amp;ssl=1 1024w, https:\/\/i0.wp.com\/domaineespillier.fr\/wp-content\/uploads\/2022\/02\/GRO8615\u00a9AudreyGros_export_2000px.jpg?resize=768%2C512&amp;ssl=1 768w\" sizes=\"auto, (max-width: 1000px) 100vw, 1000px\" data-recalc-dims=\"1\" \/><\/figure>\n\n\n\n<figure class=\"wp-block-image size-large\"><img loading=\"lazy\" decoding=\"async\" width=\"2000\" height=\"1088\" data-id=\"1350\" src=\"https:\/\/i0.wp.com\/domaineespillier.fr\/wp-content\/uploads\/2022\/02\/Partenaires_p.jpg?resize=2000%2C1088\" alt=\"\" class=\"wp-image-1350\" srcset=\"https:\/\/i0.wp.com\/domaineespillier.fr\/wp-content\/uploads\/2022\/02\/Partenaires_p.jpg?w=2000&amp;ssl=1 2000w, https:\/\/i0.wp.com\/domaineespillier.fr\/wp-content\/uploads\/2022\/02\/Partenaires_p.jpg?resize=300%2C163&amp;ssl=1 300w, https:\/\/i0.wp.com\/domaineespillier.fr\/wp-content\/uploads\/2022\/02\/Partenaires_p.jpg?resize=1024%2C557&amp;ssl=1 1024w, https:\/\/i0.wp.com\/domaineespillier.fr\/wp-content\/uploads\/2022\/02\/Partenaires_p.jpg?resize=768%2C418&amp;ssl=1 768w, https:\/\/i0.wp.com\/domaineespillier.fr\/wp-content\/uploads\/2022\/02\/Partenaires_p.jpg?resize=1536%2C836&amp;ssl=1 1536w\" sizes=\"auto, (max-width: 1000px) 100vw, 1000px\" data-recalc-dims=\"1\" \/><\/figure>\n\n\n\n<figure class=\"wp-block-image size-large\"><img loading=\"lazy\" decoding=\"async\" width=\"682\" height=\"1024\" data-id=\"1707\" src=\"https:\/\/i0.wp.com\/domaineespillier.fr\/wp-content\/uploads\/2022\/03\/GRO8595\u00a9AudreyGros_export_2000px.jpg?resize=682%2C1024\" alt=\"\" class=\"wp-image-1707\" srcset=\"https:\/\/i0.wp.com\/domaineespillier.fr\/wp-content\/uploads\/2022\/03\/GRO8595\u00a9AudreyGros_export_2000px.jpg?w=682&amp;ssl=1 682w, https:\/\/i0.wp.com\/domaineespillier.fr\/wp-content\/uploads\/2022\/03\/GRO8595\u00a9AudreyGros_export_2000px.jpg?resize=200%2C300&amp;ssl=1 200w\" sizes=\"auto, (max-width: 682px) 100vw, 682px\" data-recalc-dims=\"1\" \/><\/figure>\n<\/figure>\n<\/div>\n\n\n\n<div class=\"wp-block-column is-layout-flow wp-block-column-is-layout-flow\" style=\"flex-basis:68%\">\n<h3 class=\"wp-block-heading\" id=\"le-parc-d-alexandre\">Le Parc d&rsquo;Alexandre<\/h3>\n\n\n\n<p>La nature vous ouvre les bras dans le magnifique parc arbor\u00e9 o\u00f9 ombre et lumi\u00e8re participent \u00e0 la magie de votre r\u00e9ception d&rsquo;ext\u00e9rieur.<\/p>\n\n\n\n<div class=\"wp-block-buttons is-layout-flex wp-block-buttons-is-layout-flex\">\n<div class=\"wp-block-button is-style-fill\"><a class=\"wp-block-button__link\" href=\"https:\/\/domaineespillier.fr\/?page_id=864\" rel=\"#\">En savoir plus<\/a><\/div>\n<\/div>\n<\/div>\n<\/div>\n<\/div><\/div>\n\n\n\n<div class=\"wp-block-group alignfull has-ast-global-color-5-background-color has-background is-layout-flow wp-block-group-is-layout-flow\"><div class=\"wp-block-group__inner-container\"><\/div><\/div>\n\n\n\n<div class=\"wp-block-group alignfull has-ast-global-color-4-background-color has-background is-layout-flow wp-block-group-is-layout-flow\"><div class=\"wp-block-group__inner-container\">\n<p><\/p>\n\n\n\n<div class=\"wp-block-columns is-layout-flex wp-container-core-columns-is-layout-9d6595d7 wp-block-columns-is-layout-flex\">\n<div class=\"wp-block-column is-layout-flow wp-block-column-is-layout-flow\"><\/div>\n\n\n\n<div class=\"wp-block-column is-layout-flow wp-block-column-is-layout-flow\"><\/div>\n<\/div>\n<\/div><\/div>\n","protected":false},"excerpt":{"rendered":"<p>La salle de r\u00e9ception et ses jardins D&rsquo;une \u00e9l\u00e9gance simple et intemporelle, la salle de r\u00e9ception et les jardins du domaine de l&rsquo;Espillier vous offrent un cadre id\u00e9al adaptable \u00e0 toutes les ambiances, de la plus \u00e9pur\u00e9e \u00e0 la plus raffin\u00e9e. Le Parc d&rsquo;Alexandre La nature vous ouvre les bras dans le magnifique parc arbor\u00e9 &hellip;<\/p>\n<p class=\"read-more\"> <a class=\"\" href=\"https:\/\/domaineespillier.fr\/?page_id=855\"> <span class=\"screen-reader-text\">Les lieux<\/span> Lire la suite\u00a0\u00bb<\/a><\/p>\n","protected":false},"author":1,"featured_media":0,"parent":0,"menu_order":0,"comment_status":"closed","ping_status":"closed","template":"","meta":{"site-sidebar-layout":"default","site-content-layout":"default","ast-main-header-display":"","ast-hfb-above-header-display":"","ast-hfb-below-header-display":"","ast-hfb-mobile-header-display":"","site-post-title":"disabled","ast-breadcrumbs-content":"disabled","ast-featured-img":"","footer-sml-layout":"","theme-transparent-header-meta":"","adv-header-id-meta":"","stick-header-meta":"","header-above-stick-meta":"","header-main-stick-meta":"","header-below-stick-meta":"","spay_email":"","footnotes":""},"class_list":["post-855","page","type-page","status-publish","hentry"],"_links":{"self":[{"href":"https:\/\/domaineespillier.fr\/index.php?rest_route=\/wp\/v2\/pages\/855","targetHints":{"allow":["GET"]}}],"collection":[{"href":"https:\/\/domaineespillier.fr\/index.php?rest_route=\/wp\/v2\/pages"}],"about":[{"href":"https:\/\/domaineespillier.fr\/index.php?rest_route=\/wp\/v2\/types\/page"}],"author":[{"embeddable":true,"href":"https:\/\/domaineespillier.fr\/index.php?rest_route=\/wp\/v2\/users\/1"}],"replies":[{"embeddable":true,"href":"https:\/\/domaineespillier.fr\/index.php?rest_route=%2Fwp%2Fv2%2Fcomments&post=855"}],"version-history":[{"count":18,"href":"https:\/\/domaineespillier.fr\/index.php?rest_route=\/wp\/v2\/pages\/855\/revisions"}],"predecessor-version":[{"id":1976,"href":"https:\/\/domaineespillier.fr\/index.php?rest_route=\/wp\/v2\/pages\/855\/revisions\/1976"}],"wp:attachment":[{"href":"https:\/\/domaineespillier.fr\/index.php?rest_route=%2Fwp%2Fv2%2Fmedia&parent=855"}],"curies":[{"name":"wp","href":"https:\/\/api.w.org\/{rel}","templated":true}]}}