{"id":861,"date":"2022-01-28T18:08:00","date_gmt":"2022-01-28T18:08:00","guid":{"rendered":"https:\/\/domaineespillier.fr\/?page_id=861"},"modified":"2022-04-01T19:26:28","modified_gmt":"2022-04-01T19:26:28","slug":"861-2","status":"publish","type":"page","link":"https:\/\/domaineespillier.fr\/?page_id=861","title":{"rendered":"La salle de r\u00e9ception et ses jardins"},"content":{"rendered":"\n<div class=\"wp-block-cover alignfull is-light has-parallax\" style=\"background-image:url(http:\/\/domaineespillier.fr\/wp-content\/uploads\/2022\/02\/IMG_8008-edited.jpg);min-height:300px;aspect-ratio:unset;\"><span aria-hidden=\"true\" class=\"has-ast-global-color-1-background-color has-background-dim-10 wp-block-cover__gradient-background has-background-dim\"><\/span><div class=\"wp-block-cover__inner-container is-layout-flow wp-block-cover-is-layout-flow\">\n<h1 class=\"has-text-align-center has-white-color has-text-color wp-block-heading\" id=\"la-salle-de-reception-et-ses-jardins\">La salle de r\u00e9ception et ses jardins\u200b<\/h1>\n<\/div><\/div>\n\n\n\n<div class=\"wp-block-group alignfull has-ast-global-color-5-background-color has-background is-layout-flow wp-block-group-is-layout-flow\"><div class=\"wp-block-group__inner-container\">\n<div class=\"wp-block-columns is-layout-flex wp-container-core-columns-is-layout-9d6595d7 wp-block-columns-is-layout-flex\">\n<div class=\"wp-block-column is-layout-flow wp-block-column-is-layout-flow\">\n<h3 class=\"wp-block-heading\" id=\"un-lieu-de-reception-unique\">Un lieu de r\u00e9ception unique&#8230;\u200b<\/h3>\n\n\n\n<figure class=\"wp-block-gallery has-nested-images columns-default is-cropped wp-block-gallery-1 is-layout-flex wp-block-gallery-is-layout-flex\">\n<figure class=\"wp-block-image size-large\"><img loading=\"lazy\" decoding=\"async\" width=\"2560\" height=\"1920\" data-id=\"1930\" src=\"https:\/\/i0.wp.com\/domaineespillier.fr\/wp-content\/uploads\/2022\/04\/IMG_9909-scaled.jpg?resize=2560%2C1920\" alt=\"\" class=\"wp-image-1930\" srcset=\"https:\/\/i0.wp.com\/domaineespillier.fr\/wp-content\/uploads\/2022\/04\/IMG_9909-scaled.jpg?w=2560&amp;ssl=1 2560w, https:\/\/i0.wp.com\/domaineespillier.fr\/wp-content\/uploads\/2022\/04\/IMG_9909-scaled.jpg?resize=300%2C225&amp;ssl=1 300w, https:\/\/i0.wp.com\/domaineespillier.fr\/wp-content\/uploads\/2022\/04\/IMG_9909-scaled.jpg?resize=1024%2C768&amp;ssl=1 1024w, https:\/\/i0.wp.com\/domaineespillier.fr\/wp-content\/uploads\/2022\/04\/IMG_9909-scaled.jpg?resize=768%2C576&amp;ssl=1 768w, https:\/\/i0.wp.com\/domaineespillier.fr\/wp-content\/uploads\/2022\/04\/IMG_9909-scaled.jpg?resize=1536%2C1152&amp;ssl=1 1536w, https:\/\/i0.wp.com\/domaineespillier.fr\/wp-content\/uploads\/2022\/04\/IMG_9909-scaled.jpg?resize=2048%2C1536&amp;ssl=1 2048w\" sizes=\"auto, (max-width: 1000px) 100vw, 1000px\" data-recalc-dims=\"1\" \/><\/figure>\n\n\n\n<figure class=\"wp-block-image size-large\"><img loading=\"lazy\" decoding=\"async\" width=\"1920\" height=\"2560\" data-id=\"1866\" src=\"https:\/\/i0.wp.com\/domaineespillier.fr\/wp-content\/uploads\/2022\/03\/IMG_5751-scaled.jpg?resize=1920%2C2560\" alt=\"\" class=\"wp-image-1866\" srcset=\"https:\/\/i0.wp.com\/domaineespillier.fr\/wp-content\/uploads\/2022\/03\/IMG_5751-scaled.jpg?w=1920&amp;ssl=1 1920w, https:\/\/i0.wp.com\/domaineespillier.fr\/wp-content\/uploads\/2022\/03\/IMG_5751-scaled.jpg?resize=225%2C300&amp;ssl=1 225w, https:\/\/i0.wp.com\/domaineespillier.fr\/wp-content\/uploads\/2022\/03\/IMG_5751-scaled.jpg?resize=768%2C1024&amp;ssl=1 768w, https:\/\/i0.wp.com\/domaineespillier.fr\/wp-content\/uploads\/2022\/03\/IMG_5751-scaled.jpg?resize=1152%2C1536&amp;ssl=1 1152w, https:\/\/i0.wp.com\/domaineespillier.fr\/wp-content\/uploads\/2022\/03\/IMG_5751-scaled.jpg?resize=1536%2C2048&amp;ssl=1 1536w\" sizes=\"auto, (max-width: 1000px) 100vw, 1000px\" data-recalc-dims=\"1\" \/><\/figure>\n\n\n\n<figure class=\"wp-block-image size-large\"><img loading=\"lazy\" decoding=\"async\" width=\"1280\" height=\"720\" data-id=\"1033\" src=\"https:\/\/i0.wp.com\/domaineespillier.fr\/wp-content\/uploads\/2022\/02\/297a9bcb-700d-4e98-a26d-ddbe1e5a3d08.jpg?resize=1280%2C720\" alt=\"\" class=\"wp-image-1033\" srcset=\"https:\/\/i0.wp.com\/domaineespillier.fr\/wp-content\/uploads\/2022\/02\/297a9bcb-700d-4e98-a26d-ddbe1e5a3d08.jpg?w=1280&amp;ssl=1 1280w, https:\/\/i0.wp.com\/domaineespillier.fr\/wp-content\/uploads\/2022\/02\/297a9bcb-700d-4e98-a26d-ddbe1e5a3d08.jpg?resize=300%2C169&amp;ssl=1 300w, https:\/\/i0.wp.com\/domaineespillier.fr\/wp-content\/uploads\/2022\/02\/297a9bcb-700d-4e98-a26d-ddbe1e5a3d08.jpg?resize=1024%2C576&amp;ssl=1 1024w, https:\/\/i0.wp.com\/domaineespillier.fr\/wp-content\/uploads\/2022\/02\/297a9bcb-700d-4e98-a26d-ddbe1e5a3d08.jpg?resize=768%2C432&amp;ssl=1 768w\" sizes=\"auto, (max-width: 1000px) 100vw, 1000px\" data-recalc-dims=\"1\" \/><\/figure>\n\n\n\n<figure class=\"wp-block-image size-large\"><img loading=\"lazy\" decoding=\"async\" width=\"2560\" height=\"1707\" data-id=\"1924\" src=\"https:\/\/i0.wp.com\/domaineespillier.fr\/wp-content\/uploads\/2022\/04\/ManonMarc-721-scaled.jpg?resize=2560%2C1707\" alt=\"\" class=\"wp-image-1924\" srcset=\"https:\/\/i0.wp.com\/domaineespillier.fr\/wp-content\/uploads\/2022\/04\/ManonMarc-721-scaled.jpg?w=2560&amp;ssl=1 2560w, https:\/\/i0.wp.com\/domaineespillier.fr\/wp-content\/uploads\/2022\/04\/ManonMarc-721-scaled.jpg?resize=300%2C200&amp;ssl=1 300w, https:\/\/i0.wp.com\/domaineespillier.fr\/wp-content\/uploads\/2022\/04\/ManonMarc-721-scaled.jpg?resize=1024%2C683&amp;ssl=1 1024w, https:\/\/i0.wp.com\/domaineespillier.fr\/wp-content\/uploads\/2022\/04\/ManonMarc-721-scaled.jpg?resize=768%2C512&amp;ssl=1 768w, https:\/\/i0.wp.com\/domaineespillier.fr\/wp-content\/uploads\/2022\/04\/ManonMarc-721-scaled.jpg?resize=1536%2C1024&amp;ssl=1 1536w, https:\/\/i0.wp.com\/domaineespillier.fr\/wp-content\/uploads\/2022\/04\/ManonMarc-721-scaled.jpg?resize=2048%2C1365&amp;ssl=1 2048w\" sizes=\"auto, (max-width: 1000px) 100vw, 1000px\" data-recalc-dims=\"1\" \/><\/figure>\n\n\n\n<figure class=\"wp-block-image size-large\"><img loading=\"lazy\" decoding=\"async\" width=\"1920\" height=\"2560\" data-id=\"1907\" src=\"https:\/\/i0.wp.com\/domaineespillier.fr\/wp-content\/uploads\/2022\/04\/IMG_6190-scaled.jpg?resize=1920%2C2560\" alt=\"\" class=\"wp-image-1907\" srcset=\"https:\/\/i0.wp.com\/domaineespillier.fr\/wp-content\/uploads\/2022\/04\/IMG_6190-scaled.jpg?w=1920&amp;ssl=1 1920w, https:\/\/i0.wp.com\/domaineespillier.fr\/wp-content\/uploads\/2022\/04\/IMG_6190-scaled.jpg?resize=225%2C300&amp;ssl=1 225w, https:\/\/i0.wp.com\/domaineespillier.fr\/wp-content\/uploads\/2022\/04\/IMG_6190-scaled.jpg?resize=768%2C1024&amp;ssl=1 768w, https:\/\/i0.wp.com\/domaineespillier.fr\/wp-content\/uploads\/2022\/04\/IMG_6190-scaled.jpg?resize=1152%2C1536&amp;ssl=1 1152w, https:\/\/i0.wp.com\/domaineespillier.fr\/wp-content\/uploads\/2022\/04\/IMG_6190-scaled.jpg?resize=1536%2C2048&amp;ssl=1 1536w\" sizes=\"auto, (max-width: 1000px) 100vw, 1000px\" data-recalc-dims=\"1\" \/><\/figure>\n<\/figure>\n<\/div>\n\n\n\n<div class=\"wp-block-column is-layout-flow wp-block-column-is-layout-flow\">\n<p class=\"has-text-align-justify\">Depuis juin 2016, le Domaine de l\u2019Espillier vous propose sa salle de r\u00e9ception de 270 m<sup>2 <\/sup>avec sa terrasse et son jardin de 10 000 m<sup>2<\/sup>.&nbsp;<\/p>\n\n\n\n<p class=\"has-text-align-left\"><strong>La salle de r\u00e9ception<\/strong> &#8230;<\/p>\n\n\n\n<p class=\"has-text-align-left\">La salle de r\u00e9ception est dot\u00e9e de tous les \u00e9l\u00e9ments de confort n\u00e9cessaires au d\u00e9roulement de votre \u00e9v\u00e8nement : connexion wifi, syst\u00e8me de climatisation &amp; chauffage, t\u00e9l\u00e9viseur, r\u00e9troprojecteur, sonorisation &amp; micro, espace traiteur, chambres froides, espace bar\u2026 ainsi qu&rsquo;une isolation acoustique de haute qualit\u00e9.&nbsp;<\/p>\n\n\n\n<p>Une conception \u00e0 caract\u00e8re polyvalent sans piliers ni couloirs permet d&rsquo;optimiser l\u2019espace int\u00e9rieur disponible et de r\u00e9pondre \u00e0 un maximum de configurations d&rsquo;agencements et de d\u00e9corations.&nbsp; <\/p>\n\n\n\n<p>La location de la salle comprend syst\u00e9matiquement l\u2019ensemble du mobilier ext\u00e9rieur et int\u00e9rieur ainsi que l&rsquo;acc\u00e8s aux d\u00e9pendances (terrain de p\u00e9tanque, kiosque&#8230;) <\/p>\n\n\n\n<p>A l&rsquo;ext\u00e9rieur, une \u00e9l\u00e9gante tonnelle aux lampions est install\u00e9e au c\u0153ur de la terrasse arbor\u00e9e.<\/p>\n\n\n\n<p>Selon l\u2019\u00e9v\u00e8nement, une h\u00f4tesse, un gardien (siap) ou encore le forfait m\u00e9nage peuvent vous \u00eatre propos\u00e9s.<\/p>\n\n\n\n<p>Cet \u00e9tablissement recevant du public est class\u00e9 de quatri\u00e8me cat\u00e9gorie et satisfait \u00e0 l&rsquo;accueil des personnes \u00e0 mobilit\u00e9 r\u00e9duite.<\/p>\n\n\n\n<p><strong>Les jardins <\/strong>&#8230;<\/p>\n\n\n\n<p>Les jardins du domaine vous accueillent dans un somptueux d\u00e9cor au sein d&rsquo;un espace organis\u00e9 autour d&rsquo;\u00e9tendues de pelouses, de compositions arbor\u00e9es et d&rsquo;une charmante roseraie, propices \u00e0 l&rsquo;organisation de s\u00e9ances photo. Tout pr\u00e8s des jardins, les champs d&rsquo;oliviers, les figuiers ainsi que la lavande contribuent \u00e0 la beaut\u00e9 authentique de cette nature Proven\u00e7ale.<\/p>\n\n\n\n<p>Les jardins sont \u00e9galement disponibles \u00e0 la location s\u00e9par\u00e9ment de la salle de r\u00e9ception et vous pouvez tout aussi bien y organiser une magnifique c\u00e9r\u00e9monie qu&rsquo;une simple f\u00eate de famille&#8230; <\/p>\n\n\n\n<p><\/p>\n\n\n\n<p>Contactez-nous,nous sommes \u00e0 votre \u00e9coute pour vous aider \u00e0 la pr\u00e9paration de votre \u00e9v\u00e8nement.<\/p>\n\n\n\n<p><\/p>\n<\/div>\n<\/div>\n<\/div><\/div>\n\n\n\n<div class=\"wp-block-group alignfull has-ast-global-color-4-background-color has-background is-layout-flow wp-block-group-is-layout-flow\"><div class=\"wp-block-group__inner-container\">\n<div class=\"wp-block-columns is-layout-flex wp-container-core-columns-is-layout-9d6595d7 wp-block-columns-is-layout-flex\">\n<div class=\"wp-block-column is-layout-flow wp-block-column-is-layout-flow\">\n<h4 class=\"wp-block-heading\" id=\"confiance\" style=\"text-transform:capitalize\"><strong>confiance<\/strong><\/h4>\n\n\n\n<p>Le domaine de l&rsquo;Espillier met un point d&rsquo;honneur \u00e0 vous proposer un accueil chaleureux de qualit\u00e9 dans une relation de confiance et de bienveillance, valeurs essentielles \u00e0 son activit\u00e9. <\/p>\n<\/div>\n\n\n\n<div class=\"wp-block-column is-layout-flow wp-block-column-is-layout-flow\">\n<h4 class=\"wp-block-heading\" id=\"accompagnement\" style=\"text-transform:capitalize\"><strong>accompagnement<\/strong> <\/h4>\n\n\n\n<p>Facilitateur pour l&rsquo;organisation de votre \u00e9v\u00e9nement, le domaine de l&rsquo;Espillier met tout en \u0153uvre pour vous accompagner dans la pr\u00e9paration et la r\u00e9alisation de votre projet.<\/p>\n\n\n\n<p>Possibilit\u00e9 de faire plusieurs visites, entretiens et contacts si besoin.<\/p>\n<\/div>\n\n\n\n<div class=\"wp-block-column is-layout-flow wp-block-column-is-layout-flow\">\n<h4 class=\"wp-block-heading\" id=\"qualite\" style=\"text-transform:capitalize\">      <strong>Qualit\u00e9 <\/strong><\/h4>\n\n\n\n<ul class=\"wp-block-list\"><li>r\u00e9f\u00e9rencement de prestataires s\u00e9lectionn\u00e9s apr\u00e8s 5 ann\u00e9es de coop\u00e9ration, de partage de valeurs communes et de complicit\u00e9.<\/li><li>qualit\u00e9 des prestations reconnue.<\/li><\/ul>\n<\/div>\n<\/div>\n<\/div><\/div>\n\n\n\n<p><\/p>\n","protected":false},"excerpt":{"rendered":"<p>Un lieu de r\u00e9ception unique&#8230;\u200b Depuis juin 2016, le Domaine de l\u2019Espillier vous propose sa salle de r\u00e9ception de 270 m2 avec sa terrasse et son jardin de 10 000 m2.&nbsp; La salle de r\u00e9ception &#8230; La salle de r\u00e9ception est dot\u00e9e de tous les \u00e9l\u00e9ments de confort n\u00e9cessaires au d\u00e9roulement de votre \u00e9v\u00e8nement : &hellip;<\/p>\n<p class=\"read-more\"> <a class=\"\" href=\"https:\/\/domaineespillier.fr\/?page_id=861\"> <span class=\"screen-reader-text\">La salle de r\u00e9ception et ses jardins<\/span> Lire la suite\u00a0\u00bb<\/a><\/p>\n","protected":false},"author":1,"featured_media":0,"parent":0,"menu_order":0,"comment_status":"closed","ping_status":"closed","template":"","meta":{"site-sidebar-layout":"default","site-content-layout":"default","ast-main-header-display":"","ast-hfb-above-header-display":"","ast-hfb-below-header-display":"","ast-hfb-mobile-header-display":"","site-post-title":"disabled","ast-breadcrumbs-content":"","ast-featured-img":"","footer-sml-layout":"","theme-transparent-header-meta":"","adv-header-id-meta":"","stick-header-meta":"","header-above-stick-meta":"","header-main-stick-meta":"","header-below-stick-meta":"","spay_email":"","footnotes":""},"class_list":["post-861","page","type-page","status-publish","hentry"],"_links":{"self":[{"href":"https:\/\/domaineespillier.fr\/index.php?rest_route=\/wp\/v2\/pages\/861","targetHints":{"allow":["GET"]}}],"collection":[{"href":"https:\/\/domaineespillier.fr\/index.php?rest_route=\/wp\/v2\/pages"}],"about":[{"href":"https:\/\/domaineespillier.fr\/index.php?rest_route=\/wp\/v2\/types\/page"}],"author":[{"embeddable":true,"href":"https:\/\/domaineespillier.fr\/index.php?rest_route=\/wp\/v2\/users\/1"}],"replies":[{"embeddable":true,"href":"https:\/\/domaineespillier.fr\/index.php?rest_route=%2Fwp%2Fv2%2Fcomments&post=861"}],"version-history":[{"count":42,"href":"https:\/\/domaineespillier.fr\/index.php?rest_route=\/wp\/v2\/pages\/861\/revisions"}],"predecessor-version":[{"id":1958,"href":"https:\/\/domaineespillier.fr\/index.php?rest_route=\/wp\/v2\/pages\/861\/revisions\/1958"}],"wp:attachment":[{"href":"https:\/\/domaineespillier.fr\/index.php?rest_route=%2Fwp%2Fv2%2Fmedia&parent=861"}],"curies":[{"name":"wp","href":"https:\/\/api.w.org\/{rel}","templated":true}]}}