{"id":873,"date":"2022-01-28T18:13:50","date_gmt":"2022-01-28T18:13:50","guid":{"rendered":"https:\/\/domaineespillier.fr\/?page_id=873"},"modified":"2022-04-01T17:28:03","modified_gmt":"2022-04-01T17:28:03","slug":"873-2","status":"publish","type":"page","link":"https:\/\/domaineespillier.fr\/?page_id=873","title":{"rendered":"La broche de l&rsquo;Espillier"},"content":{"rendered":"\n<div class=\"wp-block-cover alignfull is-light has-parallax\" style=\"background-image:url(http:\/\/domaineespillier.fr\/wp-content\/uploads\/2022\/02\/4b519f90-efd3-42a9-a5fb-72c457d92a43.jpg);min-height:300px;aspect-ratio:unset;\"><span aria-hidden=\"true\" class=\"has-ast-global-color-1-background-color has-background-dim-10 wp-block-cover__gradient-background has-background-dim\"><\/span><div class=\"wp-block-cover__inner-container is-layout-flow wp-block-cover-is-layout-flow\">\n<h1 class=\"has-text-align-center has-white-color has-text-color wp-block-heading\" id=\"la-broche-de-l-espillier\">La broche de l&rsquo;Espillier\u200b<\/h1>\n<\/div><\/div>\n\n\n\n<div class=\"wp-block-group alignfull has-ast-global-color-5-background-color has-background is-layout-flow wp-block-group-is-layout-flow\"><div class=\"wp-block-group__inner-container\">\n<div class=\"wp-block-columns is-layout-flex wp-container-core-columns-is-layout-9d6595d7 wp-block-columns-is-layout-flex\">\n<div class=\"wp-block-column is-layout-flow wp-block-column-is-layout-flow\">\n<h3 class=\"wp-block-heading\" id=\"un-moment-de-convivialite-autour-de-la-broche\">Un moment de convivialit\u00e9 autour de la Broche<\/h3>\n\n\n\n<figure class=\"wp-block-gallery has-nested-images columns-default is-cropped wp-block-gallery-1 is-layout-flex wp-block-gallery-is-layout-flex\">\n<figure class=\"wp-block-image size-large\"><img loading=\"lazy\" decoding=\"async\" width=\"1845\" height=\"2560\" data-id=\"1830\" src=\"https:\/\/i0.wp.com\/domaineespillier.fr\/wp-content\/uploads\/2022\/03\/IMG_8894-scaled.jpg?resize=1845%2C2560\" alt=\"\" class=\"wp-image-1830\" srcset=\"https:\/\/i0.wp.com\/domaineespillier.fr\/wp-content\/uploads\/2022\/03\/IMG_8894-scaled.jpg?w=1845&amp;ssl=1 1845w, https:\/\/i0.wp.com\/domaineespillier.fr\/wp-content\/uploads\/2022\/03\/IMG_8894-scaled.jpg?resize=216%2C300&amp;ssl=1 216w, https:\/\/i0.wp.com\/domaineespillier.fr\/wp-content\/uploads\/2022\/03\/IMG_8894-scaled.jpg?resize=738%2C1024&amp;ssl=1 738w, https:\/\/i0.wp.com\/domaineespillier.fr\/wp-content\/uploads\/2022\/03\/IMG_8894-scaled.jpg?resize=768%2C1066&amp;ssl=1 768w, https:\/\/i0.wp.com\/domaineespillier.fr\/wp-content\/uploads\/2022\/03\/IMG_8894-scaled.jpg?resize=1107%2C1536&amp;ssl=1 1107w, https:\/\/i0.wp.com\/domaineespillier.fr\/wp-content\/uploads\/2022\/03\/IMG_8894-scaled.jpg?resize=1476%2C2048&amp;ssl=1 1476w\" sizes=\"auto, (max-width: 1000px) 100vw, 1000px\" data-recalc-dims=\"1\" \/><\/figure>\n\n\n\n<figure class=\"wp-block-image size-large\"><img loading=\"lazy\" decoding=\"async\" width=\"1024\" height=\"1024\" data-id=\"1884\" src=\"https:\/\/i0.wp.com\/domaineespillier.fr\/wp-content\/uploads\/2022\/04\/34258752_1002528353235687_8021681904451321856_n.jpg?resize=1024%2C1024\" alt=\"\" class=\"wp-image-1884\" srcset=\"https:\/\/i0.wp.com\/domaineespillier.fr\/wp-content\/uploads\/2022\/04\/34258752_1002528353235687_8021681904451321856_n.jpg?w=1024&amp;ssl=1 1024w, https:\/\/i0.wp.com\/domaineespillier.fr\/wp-content\/uploads\/2022\/04\/34258752_1002528353235687_8021681904451321856_n.jpg?resize=300%2C300&amp;ssl=1 300w, https:\/\/i0.wp.com\/domaineespillier.fr\/wp-content\/uploads\/2022\/04\/34258752_1002528353235687_8021681904451321856_n.jpg?resize=150%2C150&amp;ssl=1 150w, https:\/\/i0.wp.com\/domaineespillier.fr\/wp-content\/uploads\/2022\/04\/34258752_1002528353235687_8021681904451321856_n.jpg?resize=768%2C768&amp;ssl=1 768w\" sizes=\"auto, (max-width: 1000px) 100vw, 1000px\" data-recalc-dims=\"1\" \/><\/figure>\n\n\n\n<figure class=\"wp-block-image size-large\"><img loading=\"lazy\" decoding=\"async\" width=\"1280\" height=\"720\" data-id=\"1020\" src=\"https:\/\/i0.wp.com\/domaineespillier.fr\/wp-content\/uploads\/2022\/02\/4b519f90-efd3-42a9-a5fb-72c457d92a43.jpg?resize=1280%2C720\" alt=\"\" class=\"wp-image-1020\" srcset=\"https:\/\/i0.wp.com\/domaineespillier.fr\/wp-content\/uploads\/2022\/02\/4b519f90-efd3-42a9-a5fb-72c457d92a43.jpg?w=1280&amp;ssl=1 1280w, https:\/\/i0.wp.com\/domaineespillier.fr\/wp-content\/uploads\/2022\/02\/4b519f90-efd3-42a9-a5fb-72c457d92a43.jpg?resize=300%2C169&amp;ssl=1 300w, https:\/\/i0.wp.com\/domaineespillier.fr\/wp-content\/uploads\/2022\/02\/4b519f90-efd3-42a9-a5fb-72c457d92a43.jpg?resize=1024%2C576&amp;ssl=1 1024w, https:\/\/i0.wp.com\/domaineespillier.fr\/wp-content\/uploads\/2022\/02\/4b519f90-efd3-42a9-a5fb-72c457d92a43.jpg?resize=768%2C432&amp;ssl=1 768w\" sizes=\"auto, (max-width: 1000px) 100vw, 1000px\" data-recalc-dims=\"1\" \/><\/figure>\n<\/figure>\n<\/div>\n\n\n\n<div class=\"wp-block-column is-layout-flow wp-block-column-is-layout-flow\">\n<p>Un m\u00e9choui, un cuisseau de taureau, des grillades\u2026la Broche de l\u2019Espillier vous offre un v\u00e9ritable moment de convivialit\u00e9 autour d\u2019une cuisson \u00e0 la Broche !<\/p>\n\n\n\n<p>Une cuisine ext\u00e9rieure est toujours appr\u00e9ci\u00e9e, rien de mieux pour r\u00e9ussir votre \u00e9v\u00e8nement.<\/p>\n\n\n\n<p>La Broche r\u00e9pond \u00e0 toutes vos attentes et exigences particuli\u00e8res : une kermesse, un mariage, pour les collectivit\u00e9s, les particuliers, les entreprises\u2026<\/p>\n\n\n\n<p>Sous son kiosque, enti\u00e8rement \u00e9quip\u00e9 et autonome, la Broche peut ausssi \u00eatre d\u00e9plac\u00e9e dans votre jardin, dans la cour de votre entreprise\u2026<\/p>\n\n\n\n<p>Capacit\u00e9 de 30 \u00e0 150 personnes, avec libre choix de la pi\u00e8ce de viande: taureau, porcelet de lait, agneau&#8230; et de l&rsquo;accompagnement l\u00e9gumes bio. Nous proc\u00e9dons \u00e0 la cuisson, \u00e0 la d\u00e9coupe et \u00e0 la mise en plat. Possibilit\u00e9 de maintien au chaud dans une \u00e9tuve\u2026&nbsp;<\/p>\n<\/div>\n<\/div>\n<\/div><\/div>\n\n\n\n<div class=\"wp-block-group alignfull has-ast-global-color-4-background-color has-background is-layout-flow wp-block-group-is-layout-flow\"><div class=\"wp-block-group__inner-container\">\n<div class=\"wp-block-columns is-layout-flex wp-container-core-columns-is-layout-9d6595d7 wp-block-columns-is-layout-flex\">\n<div class=\"wp-block-column is-layout-flow wp-block-column-is-layout-flow\">\n<h4 class=\"wp-block-heading\" id=\"cuisson\"><strong>Cuisson<\/strong><\/h4>\n\n\n\n<p>La broche \u00e0 gaz est \u00e9quip\u00e9e d&rsquo;une table \u00e0 d\u00e9couper, d&rsquo;un comptoir et d&rsquo;un barnum. Lorsque la prestation se fait au Domaine de l&rsquo;Espillier, la vaisselle est pr\u00eat\u00e9e gratuitement. <\/p>\n<\/div>\n\n\n\n<div class=\"wp-block-column is-layout-flow wp-block-column-is-layout-flow\">\n<h4 class=\"wp-block-heading\" id=\"accompagnement\"><strong>Accompagnement<\/strong><\/h4>\n\n\n\n<p>Choix de l&rsquo;accompagnement : ratatouille maison, pommes de terres aux herbes, tomates \u00e0 la proven\u00e7ales, semoule&#8230; nos l\u00e9gumes sont issus de notre production en bio. Une sauce ou un jus est syst\u00e9matiquement pr\u00e9par\u00e9.<\/p>\n<\/div>\n\n\n\n<div class=\"wp-block-column is-layout-flow wp-block-column-is-layout-flow\">\n<h4 class=\"wp-block-heading\" id=\"tarif\"><strong>Tarif<\/strong><\/h4>\n\n\n\n<ul class=\"wp-block-list\"><li>20\u20ac\/ la part<\/li><li>Enfants de moins de 6 ans: gratuit <\/li><\/ul>\n<\/div>\n<\/div>\n<\/div><\/div>\n\n\n\n<figure class=\"wp-block-gallery has-nested-images columns-default is-cropped wp-block-gallery-2 is-layout-flex wp-block-gallery-is-layout-flex\"><\/figure>\n\n\n\n<p><\/p>\n","protected":false},"excerpt":{"rendered":"<p>Un moment de convivialit\u00e9 autour de la Broche Un m\u00e9choui, un cuisseau de taureau, des grillades\u2026la Broche de l\u2019Espillier vous offre un v\u00e9ritable moment de convivialit\u00e9 autour d\u2019une cuisson \u00e0 la Broche ! Une cuisine ext\u00e9rieure est toujours appr\u00e9ci\u00e9e, rien de mieux pour r\u00e9ussir votre \u00e9v\u00e8nement. La Broche r\u00e9pond \u00e0 toutes vos attentes et exigences &hellip;<\/p>\n<p class=\"read-more\"> <a class=\"\" href=\"https:\/\/domaineespillier.fr\/?page_id=873\"> <span class=\"screen-reader-text\">La broche de l&rsquo;Espillier<\/span> Lire la suite\u00a0\u00bb<\/a><\/p>\n","protected":false},"author":1,"featured_media":0,"parent":0,"menu_order":0,"comment_status":"closed","ping_status":"closed","template":"","meta":{"site-sidebar-layout":"default","site-content-layout":"default","ast-main-header-display":"","ast-hfb-above-header-display":"","ast-hfb-below-header-display":"","ast-hfb-mobile-header-display":"","site-post-title":"disabled","ast-breadcrumbs-content":"disabled","ast-featured-img":"","footer-sml-layout":"","theme-transparent-header-meta":"","adv-header-id-meta":"","stick-header-meta":"","header-above-stick-meta":"","header-main-stick-meta":"","header-below-stick-meta":"","spay_email":"","footnotes":""},"class_list":["post-873","page","type-page","status-publish","hentry"],"_links":{"self":[{"href":"https:\/\/domaineespillier.fr\/index.php?rest_route=\/wp\/v2\/pages\/873","targetHints":{"allow":["GET"]}}],"collection":[{"href":"https:\/\/domaineespillier.fr\/index.php?rest_route=\/wp\/v2\/pages"}],"about":[{"href":"https:\/\/domaineespillier.fr\/index.php?rest_route=\/wp\/v2\/types\/page"}],"author":[{"embeddable":true,"href":"https:\/\/domaineespillier.fr\/index.php?rest_route=\/wp\/v2\/users\/1"}],"replies":[{"embeddable":true,"href":"https:\/\/domaineespillier.fr\/index.php?rest_route=%2Fwp%2Fv2%2Fcomments&post=873"}],"version-history":[{"count":20,"href":"https:\/\/domaineespillier.fr\/index.php?rest_route=\/wp\/v2\/pages\/873\/revisions"}],"predecessor-version":[{"id":1948,"href":"https:\/\/domaineespillier.fr\/index.php?rest_route=\/wp\/v2\/pages\/873\/revisions\/1948"}],"wp:attachment":[{"href":"https:\/\/domaineespillier.fr\/index.php?rest_route=%2Fwp%2Fv2%2Fmedia&parent=873"}],"curies":[{"name":"wp","href":"https:\/\/api.w.org\/{rel}","templated":true}]}}